{"id":7775,"date":"2020-09-01T10:32:37","date_gmt":"2020-09-01T13:32:37","guid":{"rendered":"https:\/\/zariki.com.br\/?post_type=product&#038;p=7775"},"modified":"2021-01-12T02:57:18","modified_gmt":"2021-01-12T05:57:18","slug":"jaqueta-jeans-delave","status":"publish","type":"product","link":"https:\/\/porquitos.com.br\/loja\/produto\/jaqueta-jeans-delave\/","title":{"rendered":"Lingui\u00e7a de Frango Fina &#8211; Linha Churrasco"},"content":{"rendered":"<p>Descri\u00e7\u00e3o<\/p>\n","protected":false},"excerpt":{"rendered":"<p>Descri\u00e7\u00e3o Curta<\/p>\n","protected":false},"featured_media":7845,"comment_status":"closed","ping_status":"closed","template":"","meta":[],"yst_prominent_words":[],"yoast_head":"<!-- This site is optimized with the Yoast SEO Premium plugin v14.5 - https:\/\/yoast.com\/wordpress\/plugins\/seo\/ -->\n<title>Lingui\u00e7a de Frango Fina - Linha Churrasco - Porquitos Loja Virtual<\/title>\n<meta name=\"robots\" content=\"index, follow\" \/>\n<meta name=\"googlebot\" content=\"index, follow, max-snippet:-1, max-image-preview:large, max-video-preview:-1\" \/>\n<meta name=\"bingbot\" content=\"index, follow, max-snippet:-1, max-image-preview:large, max-video-preview:-1\" \/>\n<link rel=\"canonical\" href=\"https:\/\/porquitos.com.br\/loja\/produto\/jaqueta-jeans-delave\/\" \/>\n<meta property=\"og:locale\" content=\"pt_BR\" \/>\n<meta property=\"og:type\" content=\"article\" \/>\n<meta property=\"og:title\" content=\"Lingui\u00e7a de Frango Fina - Linha Churrasco - Porquitos Loja Virtual\" \/>\n<meta property=\"og:description\" content=\"Descri\u00e7\u00e3o Curta\" \/>\n<meta property=\"og:url\" content=\"https:\/\/porquitos.com.br\/loja\/produto\/jaqueta-jeans-delave\/\" \/>\n<meta property=\"og:site_name\" content=\"Porquitos Loja Virtual\" \/>\n<meta property=\"article:author\" content=\"htttps:\/\/facebook.com.br\/#\" \/>\n<meta property=\"article:modified_time\" content=\"2021-01-12T05:57:18+00:00\" \/>\n<meta property=\"og:image\" content=\"https:\/\/porquitos.com.br\/loja\/wp-content\/uploads\/2020\/09\/linguica-de-frango-fina.jpg\" \/>\n\t<meta property=\"og:image:width\" content=\"800\" \/>\n\t<meta property=\"og:image:height\" content=\"800\" \/>\n<meta name=\"twitter:card\" content=\"summary_large_image\" \/>\n<script type=\"application\/ld+json\" class=\"yoast-schema-graph\">{\"@context\":\"https:\/\/schema.org\",\"@graph\":[{\"@type\":\"Organization\",\"@id\":\"https:\/\/porquitos.com.br\/loja\/#organization\",\"name\":\"Zariki - Moda Feminina Ltda\",\"url\":\"https:\/\/porquitos.com.br\/loja\/\",\"sameAs\":[],\"logo\":{\"@type\":\"ImageObject\",\"@id\":\"https:\/\/porquitos.com.br\/loja\/#logo\",\"inLanguage\":\"pt-BR\",\"url\":\"https:\/\/porquitos.com.br\/loja\/wp-content\/uploads\/2019\/09\/7d47303b-eed8-4b0d-8cf2-d0f57aa638a5.jpg\",\"width\":750,\"height\":749,\"caption\":\"Zariki - Moda Feminina Ltda\"},\"image\":{\"@id\":\"https:\/\/porquitos.com.br\/loja\/#logo\"}},{\"@type\":\"WebSite\",\"@id\":\"https:\/\/porquitos.com.br\/loja\/#website\",\"url\":\"https:\/\/porquitos.com.br\/loja\/\",\"name\":\"Porquitos Loja Virtual\",\"description\":\"\",\"publisher\":{\"@id\":\"https:\/\/porquitos.com.br\/loja\/#organization\"},\"potentialAction\":[{\"@type\":\"SearchAction\",\"target\":\"https:\/\/porquitos.com.br\/loja\/?s={search_term_string}\",\"query-input\":\"required name=search_term_string\"}],\"inLanguage\":\"pt-BR\"},{\"@type\":\"ImageObject\",\"@id\":\"https:\/\/porquitos.com.br\/loja\/produto\/jaqueta-jeans-delave\/#primaryimage\",\"inLanguage\":\"pt-BR\",\"url\":\"https:\/\/porquitos.com.br\/loja\/wp-content\/uploads\/2020\/09\/linguica-de-frango-fina.jpg\",\"width\":800,\"height\":800},{\"@type\":\"WebPage\",\"@id\":\"https:\/\/porquitos.com.br\/loja\/produto\/jaqueta-jeans-delave\/#webpage\",\"url\":\"https:\/\/porquitos.com.br\/loja\/produto\/jaqueta-jeans-delave\/\",\"name\":\"Lingui\\u00e7a de Frango Fina - Linha Churrasco - Porquitos Loja Virtual\",\"isPartOf\":{\"@id\":\"https:\/\/porquitos.com.br\/loja\/#website\"},\"primaryImageOfPage\":{\"@id\":\"https:\/\/porquitos.com.br\/loja\/produto\/jaqueta-jeans-delave\/#primaryimage\"},\"datePublished\":\"2020-09-01T13:32:37+00:00\",\"dateModified\":\"2021-01-12T05:57:18+00:00\",\"inLanguage\":\"pt-BR\",\"potentialAction\":[{\"@type\":\"ReadAction\",\"target\":[\"https:\/\/porquitos.com.br\/loja\/produto\/jaqueta-jeans-delave\/\"]}]}]}<\/script>\n<!-- \/ Yoast SEO Premium plugin. -->","_links":{"self":[{"href":"https:\/\/porquitos.com.br\/loja\/wp-json\/wp\/v2\/product\/7775"}],"collection":[{"href":"https:\/\/porquitos.com.br\/loja\/wp-json\/wp\/v2\/product"}],"about":[{"href":"https:\/\/porquitos.com.br\/loja\/wp-json\/wp\/v2\/types\/product"}],"replies":[{"embeddable":true,"href":"https:\/\/porquitos.com.br\/loja\/wp-json\/wp\/v2\/comments?post=7775"}],"wp:featuredmedia":[{"embeddable":true,"href":"https:\/\/porquitos.com.br\/loja\/wp-json\/wp\/v2\/media\/7845"}],"wp:attachment":[{"href":"https:\/\/porquitos.com.br\/loja\/wp-json\/wp\/v2\/media?parent=7775"}],"wp:term":[{"taxonomy":"yst_prominent_words","embeddable":true,"href":"https:\/\/porquitos.com.br\/loja\/wp-json\/wp\/v2\/yst_prominent_words?post=7775"}],"curies":[{"name":"wp","href":"https:\/\/api.w.org\/{rel}","templated":true}]}}