{"id":7867,"date":"2021-01-25T20:07:17","date_gmt":"2021-01-25T23:07:17","guid":{"rendered":"https:\/\/porquitos.com.br\/loja\/?post_type=product&#038;p=7867"},"modified":"2021-01-25T20:07:17","modified_gmt":"2021-01-25T23:07:17","slug":"teste-teste","status":"publish","type":"product","link":"https:\/\/porquitos.com.br\/loja\/produto\/teste-teste\/","title":{"rendered":"TESTE TESTE"},"content":{"rendered":"<p><strong>Tipo<\/strong>: Lingui\u00e7a Mista<\/p>\n<p><strong>Embalagem<\/strong>: 600g a 5kg<\/p>\n<p><strong>Validade<\/strong>: 90 dias<\/p>\n<p><strong>Embalagem Prim\u00e1ria<\/strong>: Saco Pl\u00e1stico Impresso<\/p>\n<p><strong>Peso<\/strong>: 600g e 5kg<\/p>\n<p><strong>Conserva\u00e7\u00e3o<\/strong>: 12\u00baC<\/p>\n<p><strong>NCM<\/strong>: 1601.0000<\/p>\n","protected":false},"excerpt":{"rendered":"<p>Tipo: Lingui\u00e7a Mista Embalagem: 600g a 5kg Validade: 90 dias Embalagem Prim\u00e1ria: Saco Pl\u00e1stico Impresso Peso: 600g e 5kg Conserva\u00e7\u00e3o: 12\u00baC NCM: 1601.0000<\/p>\n","protected":false},"featured_media":7868,"comment_status":"open","ping_status":"closed","template":"","meta":[],"yst_prominent_words":[],"yoast_head":"<!-- This site is optimized with the Yoast SEO Premium plugin v14.5 - https:\/\/yoast.com\/wordpress\/plugins\/seo\/ -->\n<title>TESTE TESTE - Porquitos Loja Virtual<\/title>\n<meta name=\"robots\" content=\"index, follow\" \/>\n<meta name=\"googlebot\" content=\"index, follow, max-snippet:-1, max-image-preview:large, max-video-preview:-1\" \/>\n<meta name=\"bingbot\" content=\"index, follow, max-snippet:-1, max-image-preview:large, max-video-preview:-1\" \/>\n<link rel=\"canonical\" href=\"https:\/\/porquitos.com.br\/loja\/?post_type=product&#038;p=7867\" \/>\n<meta property=\"og:locale\" content=\"pt_BR\" \/>\n<meta property=\"og:type\" content=\"article\" \/>\n<meta property=\"og:title\" content=\"TESTE TESTE - Porquitos Loja Virtual\" \/>\n<meta property=\"og:description\" content=\"Tipo: Lingui\u00e7a Mista Embalagem: 600g a 5kg Validade: 90 dias Embalagem Prim\u00e1ria: Saco Pl\u00e1stico Impresso Peso: 600g e 5kg Conserva\u00e7\u00e3o: 12\u00baC NCM: 1601.0000\" \/>\n<meta property=\"og:url\" content=\"https:\/\/porquitos.com.br\/loja\/?post_type=product&amp;p=7867\" \/>\n<meta property=\"og:site_name\" content=\"Porquitos Loja Virtual\" \/>\n<meta property=\"article:author\" content=\"htttps:\/\/facebook.com.br\/#\" \/>\n<meta name=\"twitter:card\" content=\"summary_large_image\" \/>\n<script type=\"application\/ld+json\" class=\"yoast-schema-graph\">{\"@context\":\"https:\/\/schema.org\",\"@graph\":[{\"@type\":\"Organization\",\"@id\":\"https:\/\/porquitos.com.br\/loja\/#organization\",\"name\":\"Zariki - Moda Feminina Ltda\",\"url\":\"https:\/\/porquitos.com.br\/loja\/\",\"sameAs\":[],\"logo\":{\"@type\":\"ImageObject\",\"@id\":\"https:\/\/porquitos.com.br\/loja\/#logo\",\"inLanguage\":\"pt-BR\",\"url\":\"https:\/\/porquitos.com.br\/loja\/wp-content\/uploads\/2019\/09\/7d47303b-eed8-4b0d-8cf2-d0f57aa638a5.jpg\",\"width\":750,\"height\":749,\"caption\":\"Zariki - Moda Feminina Ltda\"},\"image\":{\"@id\":\"https:\/\/porquitos.com.br\/loja\/#logo\"}},{\"@type\":\"WebSite\",\"@id\":\"https:\/\/porquitos.com.br\/loja\/#website\",\"url\":\"https:\/\/porquitos.com.br\/loja\/\",\"name\":\"Porquitos Loja Virtual\",\"description\":\"\",\"publisher\":{\"@id\":\"https:\/\/porquitos.com.br\/loja\/#organization\"},\"potentialAction\":[{\"@type\":\"SearchAction\",\"target\":\"https:\/\/porquitos.com.br\/loja\/?s={search_term_string}\",\"query-input\":\"required name=search_term_string\"}],\"inLanguage\":\"pt-BR\"},{\"@type\":\"ImageObject\",\"@id\":\"https:\/\/porquitos.com.br\/loja\/?post_type=product&p=7867#primaryimage\",\"inLanguage\":\"pt-BR\",\"url\":\"https:\/\/porquitos.com.br\/loja\/wp-content\/uploads\/2021\/01\/frango-com-bacon-espetinho-pronto-para-assar.jpg\",\"width\":800,\"height\":800},{\"@type\":\"WebPage\",\"@id\":\"https:\/\/porquitos.com.br\/loja\/?post_type=product&p=7867#webpage\",\"url\":\"https:\/\/porquitos.com.br\/loja\/?post_type=product&p=7867\",\"name\":\"TESTE TESTE - Porquitos Loja Virtual\",\"isPartOf\":{\"@id\":\"https:\/\/porquitos.com.br\/loja\/#website\"},\"primaryImageOfPage\":{\"@id\":\"https:\/\/porquitos.com.br\/loja\/?post_type=product&p=7867#primaryimage\"},\"datePublished\":\"2021-01-25T23:07:17+00:00\",\"dateModified\":\"2021-01-25T23:07:17+00:00\",\"inLanguage\":\"pt-BR\",\"potentialAction\":[{\"@type\":\"ReadAction\",\"target\":[\"https:\/\/porquitos.com.br\/loja\/?post_type=product&p=7867\"]}]}]}<\/script>\n<!-- \/ Yoast SEO Premium plugin. -->","_links":{"self":[{"href":"https:\/\/porquitos.com.br\/loja\/wp-json\/wp\/v2\/product\/7867"}],"collection":[{"href":"https:\/\/porquitos.com.br\/loja\/wp-json\/wp\/v2\/product"}],"about":[{"href":"https:\/\/porquitos.com.br\/loja\/wp-json\/wp\/v2\/types\/product"}],"replies":[{"embeddable":true,"href":"https:\/\/porquitos.com.br\/loja\/wp-json\/wp\/v2\/comments?post=7867"}],"wp:featuredmedia":[{"embeddable":true,"href":"https:\/\/porquitos.com.br\/loja\/wp-json\/wp\/v2\/media\/7868"}],"wp:attachment":[{"href":"https:\/\/porquitos.com.br\/loja\/wp-json\/wp\/v2\/media?parent=7867"}],"wp:term":[{"taxonomy":"yst_prominent_words","embeddable":true,"href":"https:\/\/porquitos.com.br\/loja\/wp-json\/wp\/v2\/yst_prominent_words?post=7867"}],"curies":[{"name":"wp","href":"https:\/\/api.w.org\/{rel}","templated":true}]}}